{"id":604,"date":"2022-11-03T20:44:33","date_gmt":"2022-11-03T20:44:33","guid":{"rendered":"https:\/\/www.gudrunwendler.de\/?page_id=604"},"modified":"2022-11-03T20:55:29","modified_gmt":"2022-11-03T20:55:29","slug":"vita","status":"publish","type":"page","link":"https:\/\/www.gudrunwendler.de\/index.php\/vita\/","title":{"rendered":"Vita"},"content":{"rendered":"\n<p>GUDRUN WENDLER wurde in Seligenstadt, Deutschland geboren. Sie studierte Kunst an der Universit\u00e4t Bonn und Malerei mit Professor Alexander Bogen in Israel. 1987 hatte sie ihre erste Einzelausstellung in Tel Aviv. Seitdem hat sie ihre Werke bei vielen Ausstellungen sowohl in Europa wie in den USA pr\u00e4sentiert (Bonn, D\u00fcsseldorf, Hamburg, Berlin, Rom, New York, Los Angeles, Ahrtal). Im Rahmen des von der EU unterst\u00fctzten &#8220;Citt\u00e1 Invisibile&#8221;-Projekts hat sie sich mit Rauminstallationen in Maranola und in Rom, Italien, in Unterach, \u00d6sterreich, in Liverpool, Grossbritannien, und in Stockholm, Schweden, beteiligt.<br>In Deutschland stellte Gudrun Wendler zusammen mit Christa Jahr in der Inselgalerie in Berlin aus (2002). In Los Angeles zeigte sie 2003 in einer Einzelausstellung ihre Fotoarbeiten, die von der Zeitschrift &#8220;LA Weekly&#8221; als &#8220;Pick of the week&#8221; (Tipp der Woche) empfohlen wurde. Ihre Malerei pr\u00e4sentierte sie 2005 bei einer Ausstellung in der Off-Main-Gallery, Bergamot-Station. Nach ihrer R\u00fcckkehr aus Los Angeles nach Berlin zeigte das Literaturforum im Brecht-Haus im Dezember 2005 die Ausstellung &#8220;Berlin-Los Angeles&#8221;.<\/p>\n\n\n\n<p>Von 2005 bis zu ihrem Tod 2022 lebte und arbeitete Gudrun Wendler in Berlin sowie in ihrem Atelier im Kleegarten (Ahrtal). Ihre Arbeit verlagerte sich in dieser Zeit zunehmend von der Malerei hin zu Fotografie, Kunstb\u00fcchern und Texten. <br><\/p>\n\n\n\n<p><strong>Beteiligungen<\/strong><\/p>\n\n\n\n<figure class=\"wp-block-table\"><table><tbody><tr><td>2020<\/td><td>Farbe Fl\u00e4che Raum<br>Gudrun Wendler, Klaus Duschat, Monika Meiser \u2013 Malerei &amp; Skulptur <a href=\"https:\/\/amalienpark.de\/farbe-flaeche-raum\/\" target=\"_blank\" rel=\"noreferrer noopener\">Galerie Amalienpark<\/a><\/td><\/tr><tr><td>2009<\/td><td>48 Stunden Neuk\u00f6lln<br>Nacht und Nebel, CoachingCultureGallery, Berlin<\/td><\/tr><tr><td>2007<\/td><td>Inselgalerie, Berlin<\/td><\/tr><tr><td>1999<\/td><td>Haus an der Redoute, Bonn<\/td><\/tr><tr><td>1993<\/td><td>Fondazione Memmo, Palazzo Ruspoli, Rom<\/td><\/tr><tr><td>1990<\/td><td>Artpromotion, D\u00fcsseldorf<br>Kunstmuseum der Stadt Bonn<\/td><\/tr><tr><td>1989<\/td><td>K\u00fcnstlergruppe Semikolon, Bonn<br>Artpromotion, D\u00fcsseldorf<\/td><\/tr><tr><td>1988<\/td><td>Kunstmuseum der Stadt Bonn<\/td><\/tr><tr><td>1987<\/td><td>K\u00fcnstlerkolonie Old Yafo, Tel Aviv<\/td><\/tr><\/tbody><\/table><\/figure>\n\n\n\n<p><br><strong>Einzelausstellungen<\/strong><\/p>\n\n\n\n<figure class=\"wp-block-table\"><table><tbody><tr><td>2018<\/td><td>Black &#8216;n Blues &#8211; Bilder und B\u00fccher, Inselgalerie, Berlin<\/td><\/tr><tr><td>2009<\/td><td>Staatspark F\u00fcrstenlager, Bensheim-Auerbach<\/td><\/tr><tr><td>2008<\/td><td>Inselgalerie, Berlin<\/td><\/tr><tr><td>2007<\/td><td>Internationaler Club im Ausw\u00e4rtigen Amt, Berlin<br>Scala im Admiralspalast, Berlin<\/td><\/tr><tr><td>2006<\/td><td>Literaturforum im Brecht-Haus, Berlin<\/td><\/tr><tr><td>2005<\/td><td>Off Main Gallery, Los Angeles<\/td><\/tr><tr><td>2003<\/td><td>Goethe Institut, Los Angeles<\/td><\/tr><tr><td>2002<\/td><td>Inselgalerie, Berlin<\/td><\/tr><tr><td>2000<\/td><td>Euro Theater, Bonn<\/td><\/tr><tr><td>1999<\/td><td>GePeMa-Galerie, D\u00fcsseldorf<\/td><\/tr><tr><td>1998<\/td><td>Aus- und Fortbildungsst\u00e4tte des Ausw\u00e4rtigen Amts, Bonn<\/td><\/tr><tr><td>1995<\/td><td>Salon Lago Febo, Rom<br>GePeMa-Galerie, D\u00fcsseldorf<\/td><\/tr><tr><td>1993<\/td><td>Galeria Il Melograno, Rom<\/td><\/tr><tr><td>1991<\/td><td>GePeMa-Galerie, D\u00fcsseldorf<\/td><\/tr><tr><td>1990<\/td><td>Deutsches Generalkonsulat, New York<\/td><\/tr><tr><td>1989<\/td><td>Kunsthaus Klose, Hamburg<br>Aus- und Fortbildungsst\u00e4tte des Ausw\u00e4rtigen Amts, Bonn<\/td><\/tr><tr><td>1987<\/td><td>Galeria HaKikar, Tel Aviv<\/td><\/tr><\/tbody><\/table><\/figure>\n\n\n\n<p><strong>Projekte<\/strong><\/p>\n\n\n\n<figure class=\"wp-block-table\"><table><tbody><tr><td>1999<\/td><td>Aionion<br>Grafschaft-Beller (Ahrtal)<\/td><\/tr><tr><td>1994\u201398&nbsp;&nbsp;&nbsp;<\/td><td>Teilnahme (mit Installationen und Raumobjekten) an dem von der EU gef\u00f6rderten Gro\u00dfprojekt &#8220;Die unsichtbaren St\u00e4dte&#8221;:<\/td><\/tr><tr><td>&nbsp;<\/td><td>&#8211; 1994 Maranola, Italien<br>&#8211; 1995 Unterach, \u00d6sterreich<br>&#8211; 1996 Liverpool, England<br>&#8211; 1996 Castellabate, Italien<br>&#8211; 1997 Riksteatern Stockholm, Schweden<br>&#8211; 1998 Rom, Italien<\/td><\/tr><\/tbody><\/table><\/figure>\n\n\n\n<p><\/p>\n\n\n\n<p><\/p>\n","protected":false},"excerpt":{"rendered":"<p>GUDRUN WENDLER wurde in Seligenstadt, Deutschland geboren. Sie studierte Kunst an der Universit\u00e4t Bonn und Malerei mit Professor Alexander Bogen in Israel. 1987 hatte sie ihre erste Einzelausstellung in Tel Aviv. Seitdem hat sie ihre Werke bei vielen Ausstellungen sowohl in Europa wie in den USA pr\u00e4sentiert (Bonn, D\u00fcsseldorf, Hamburg, Berlin, Rom, New York, Los [&hellip;]<\/p>\n","protected":false},"author":1,"featured_media":0,"parent":0,"menu_order":0,"comment_status":"closed","ping_status":"closed","template":"","meta":{"footnotes":""},"class_list":["post-604","page","type-page","status-publish","hentry"],"_links":{"self":[{"href":"https:\/\/www.gudrunwendler.de\/index.php\/wp-json\/wp\/v2\/pages\/604","targetHints":{"allow":["GET"]}}],"collection":[{"href":"https:\/\/www.gudrunwendler.de\/index.php\/wp-json\/wp\/v2\/pages"}],"about":[{"href":"https:\/\/www.gudrunwendler.de\/index.php\/wp-json\/wp\/v2\/types\/page"}],"author":[{"embeddable":true,"href":"https:\/\/www.gudrunwendler.de\/index.php\/wp-json\/wp\/v2\/users\/1"}],"replies":[{"embeddable":true,"href":"https:\/\/www.gudrunwendler.de\/index.php\/wp-json\/wp\/v2\/comments?post=604"}],"version-history":[{"count":2,"href":"https:\/\/www.gudrunwendler.de\/index.php\/wp-json\/wp\/v2\/pages\/604\/revisions"}],"predecessor-version":[{"id":609,"href":"https:\/\/www.gudrunwendler.de\/index.php\/wp-json\/wp\/v2\/pages\/604\/revisions\/609"}],"wp:attachment":[{"href":"https:\/\/www.gudrunwendler.de\/index.php\/wp-json\/wp\/v2\/media?parent=604"}],"curies":[{"name":"wp","href":"https:\/\/api.w.org\/{rel}","templated":true}]}}